{"id":67,"date":"2021-03-21T12:28:39","date_gmt":"2021-03-21T12:28:39","guid":{"rendered":"https:\/\/www.thetissprint.nl\/?page_id=67"},"modified":"2026-02-12T09:39:54","modified_gmt":"2026-02-12T09:39:54","slug":"contact","status":"publish","type":"page","link":"https:\/\/www.thetissprint.nl\/?page_id=67","title":{"rendered":"Contact"},"content":{"rendered":"\n<h4 class=\"wp-block-heading\">Contact<\/h4>\n\n\n\n<p><strong>Voorzitter en <strong>veiligheidsco\u00f6rdinator<\/strong> &#8211; <\/strong><a href=\"tel:0657188169\"><\/a><a href=\"tel:0653881755\">Demi Straathof<\/a><\/p>\n\n\n\n<p><strong>Wedstrijdleider &#8211;<\/strong> <a href=\"tel:0653881755\">Rosa Boender<\/a><\/p>\n\n\n\n<p><strong>Wedstrijdleider &#8211;<\/strong> <a href=\"tel:0653881755\">Am\u00e9ly Carri\u00e8re<\/a><\/p>\n\n\n\n<p><\/p>\n\n\n\n<p><strong>Mail<\/strong> &#8211; <a href=\"https:\/\/web.archive.org\/web\/20170624015726\/mailto:thetissprint@nereus.nl\">thetissprint@nereus.nl<\/a><\/p>\n\n\n\n<p><\/p>\n\n\n\n<p><strong>A.S.R. Nereus<\/strong><br>Amsteldijk 130a<br>1078 RT Amsterdam<br>[t] 020 679 7117<\/p>\n\n\n\n<p><\/p>\n","protected":false},"excerpt":{"rendered":"<p>Contact Voorzitter en veiligheidsco\u00f6rdinator &#8211; Demi Straathof Wedstrijdleider &#8211; Rosa Boender Wedstrijdleider &#8211; Am\u00e9ly Carri\u00e8re Mail &#8211; thetissprint@nereus.nl A.S.R. NereusAmsteldijk 130a1078 RT Amsterdam[t] 020 679 7117<\/p>\n","protected":false},"author":1,"featured_media":0,"parent":0,"menu_order":0,"comment_status":"closed","ping_status":"closed","template":"","meta":{"footnotes":""},"class_list":["post-67","page","type-page","status-publish","hentry"],"_links":{"self":[{"href":"https:\/\/www.thetissprint.nl\/index.php?rest_route=\/wp\/v2\/pages\/67","targetHints":{"allow":["GET"]}}],"collection":[{"href":"https:\/\/www.thetissprint.nl\/index.php?rest_route=\/wp\/v2\/pages"}],"about":[{"href":"https:\/\/www.thetissprint.nl\/index.php?rest_route=\/wp\/v2\/types\/page"}],"author":[{"embeddable":true,"href":"https:\/\/www.thetissprint.nl\/index.php?rest_route=\/wp\/v2\/users\/1"}],"replies":[{"embeddable":true,"href":"https:\/\/www.thetissprint.nl\/index.php?rest_route=%2Fwp%2Fv2%2Fcomments&post=67"}],"version-history":[{"count":15,"href":"https:\/\/www.thetissprint.nl\/index.php?rest_route=\/wp\/v2\/pages\/67\/revisions"}],"predecessor-version":[{"id":416,"href":"https:\/\/www.thetissprint.nl\/index.php?rest_route=\/wp\/v2\/pages\/67\/revisions\/416"}],"wp:attachment":[{"href":"https:\/\/www.thetissprint.nl\/index.php?rest_route=%2Fwp%2Fv2%2Fmedia&parent=67"}],"curies":[{"name":"wp","href":"https:\/\/api.w.org\/{rel}","templated":true}]}}