{"id":97,"date":"2021-03-21T13:13:33","date_gmt":"2021-03-21T13:13:33","guid":{"rendered":"https:\/\/www.thetissprint.nl\/?page_id=97"},"modified":"2026-02-12T09:39:26","modified_gmt":"2026-02-12T09:39:26","slug":"bepalingen","status":"publish","type":"page","link":"https:\/\/www.thetissprint.nl\/?page_id=97","title":{"rendered":"Bepalingen"},"content":{"rendered":"\n<h4 class=\"wp-block-heading\"><strong>Bepalingen<\/strong><\/h4>\n\n\n\n<ul class=\"wp-block-list\"><li>Boord-aan-boordwedstrijd over 500 m op een 7-ploegenbaan.<\/li><li>Veiligheidsco\u00f6rdinator: Demi Straathof<\/li><li>Wedstrijdleiding: Am\u00e9ly Carri\u00e8re, Aline Trevisan, Cato Arnolds &amp; Rosa Boender<\/li><li>Hoofd van de jury: Lex van Drooge<\/li><li>Inschrijving van maandag 11 mei 8:00 uur tot dinsdag 26 juni 2024 18:00 uur. Inschrijven via het\u00a0<a href=\"https:\/\/web.archive.org\/web\/20170606114049\/http:\/\/inschrijven.knrb.nl\/nl\/\">KNRB inschrijfprogramma<\/a>.\u00a0<\/li><li>Inschrijfgeld:<br>Skiff \u20ac 25,-<br>Twee \u20ac 33,50<br>Vier \u20ac 41,50<br>Acht \u20ac 72,50<br><\/li><li>Betalen v\u00f3\u00f3r woensdag 27 mei 16 uur op: NL11 ABNA 0557 3580 94 t.n.v. ASR Nereus o.v.v. ThetisSprint en verenigingsnaam.<\/li><\/ul>\n\n\n\n<p><\/p>\n","protected":false},"excerpt":{"rendered":"<p>Bepalingen Boord-aan-boordwedstrijd over 500 m op een 7-ploegenbaan. Veiligheidsco\u00f6rdinator: Demi Straathof Wedstrijdleiding: Am\u00e9ly Carri\u00e8re, Aline Trevisan, Cato Arnolds &amp; Rosa Boender Hoofd van de jury: Lex van Drooge Inschrijving van maandag 11 mei 8:00 uur tot dinsdag 26 juni 2024 18:00 uur. Inschrijven via het\u00a0KNRB inschrijfprogramma.\u00a0 Inschrijfgeld:Skiff \u20ac 25,-Twee \u20ac 33,50Vier \u20ac 41,50Acht \u20ac 72,50 [&hellip;]<\/p>\n","protected":false},"author":1,"featured_media":0,"parent":0,"menu_order":0,"comment_status":"closed","ping_status":"closed","template":"","meta":{"footnotes":""},"class_list":["post-97","page","type-page","status-publish","hentry"],"_links":{"self":[{"href":"https:\/\/www.thetissprint.nl\/index.php?rest_route=\/wp\/v2\/pages\/97","targetHints":{"allow":["GET"]}}],"collection":[{"href":"https:\/\/www.thetissprint.nl\/index.php?rest_route=\/wp\/v2\/pages"}],"about":[{"href":"https:\/\/www.thetissprint.nl\/index.php?rest_route=\/wp\/v2\/types\/page"}],"author":[{"embeddable":true,"href":"https:\/\/www.thetissprint.nl\/index.php?rest_route=\/wp\/v2\/users\/1"}],"replies":[{"embeddable":true,"href":"https:\/\/www.thetissprint.nl\/index.php?rest_route=%2Fwp%2Fv2%2Fcomments&post=97"}],"version-history":[{"count":18,"href":"https:\/\/www.thetissprint.nl\/index.php?rest_route=\/wp\/v2\/pages\/97\/revisions"}],"predecessor-version":[{"id":415,"href":"https:\/\/www.thetissprint.nl\/index.php?rest_route=\/wp\/v2\/pages\/97\/revisions\/415"}],"wp:attachment":[{"href":"https:\/\/www.thetissprint.nl\/index.php?rest_route=%2Fwp%2Fv2%2Fmedia&parent=97"}],"curies":[{"name":"wp","href":"https:\/\/api.w.org\/{rel}","templated":true}]}}